{"id":2570,"date":"2026-03-09T16:12:46","date_gmt":"2026-03-09T16:12:46","guid":{"rendered":"https:\/\/aquaculturelearninghub.com\/?page_id=2570"},"modified":"2026-03-26T07:56:51","modified_gmt":"2026-03-26T07:56:51","slug":"soutien","status":"publish","type":"page","link":"https:\/\/aquaculturelearninghub.com\/en\/soutien\/","title":{"rendered":"soutien"},"content":{"rendered":"<div data-elementor-type=\"wp-page\" data-elementor-id=\"2570\" class=\"elementor elementor-2570\">\n\t\t\t\t<div class=\"elementor-element elementor-element-d8da964 e-flex e-con-boxed e-con e-parent\" data-id=\"d8da964\" data-element_type=\"container\" data-e-type=\"container\">\n\t\t\t\t\t<div class=\"e-con-inner\">\n\t\t\t\t<div class=\"elementor-element elementor-element-77ec8b6 elementor-widget elementor-widget-spacer\" data-id=\"77ec8b6\" data-element_type=\"widget\" data-e-type=\"widget\" data-widget_type=\"spacer.default\">\n\t\t\t\t<div class=\"elementor-widget-container\">\n\t\t\t\t\t\t\t<div class=\"elementor-spacer\">\n\t\t\t<div class=\"elementor-spacer-inner\"><\/div>\n\t\t<\/div>\n\t\t\t\t\t\t<\/div>\n\t\t\t\t<\/div>\n\t\t\t\t\t<\/div>\n\t\t\t\t<\/div>\n\t\t<div class=\"elementor-element elementor-element-1021234 e-flex e-con-boxed e-con e-parent\" data-id=\"1021234\" data-element_type=\"container\" data-e-type=\"container\">\n\t\t\t\t\t<div class=\"e-con-inner\">\n\t\t\t\t<div class=\"elementor-element elementor-element-1f5f0f2 elementor-widget elementor-widget-heading\" data-id=\"1f5f0f2\" data-element_type=\"widget\" data-e-type=\"widget\" data-widget_type=\"heading.default\">\n\t\t\t\t<div class=\"elementor-widget-container\">\n\t\t\t\t\t<h2 class=\"elementor-heading-title elementor-size-default\">SOUTIEN \u00c0 LA R\u00c9DACTION<\/h2>\t\t\t\t<\/div>\n\t\t\t\t<\/div>\n\t\t\t\t\t<\/div>\n\t\t\t\t<\/div>\n\t\t<div class=\"elementor-element elementor-element-339b01b e-flex e-con-boxed e-con e-parent\" data-id=\"339b01b\" data-element_type=\"container\" data-e-type=\"container\">\n\t\t\t\t\t<div class=\"e-con-inner\">\n\t\t\t\t<div class=\"elementor-element elementor-element-5149c07 elementor-widget elementor-widget-heading\" data-id=\"5149c07\" data-element_type=\"widget\" data-e-type=\"widget\" data-widget_type=\"heading.default\">\n\t\t\t\t<div class=\"elementor-widget-container\">\n\t\t\t\t\t<h3 class=\"elementor-heading-title elementor-size-default\">Pourquoi choisir Aquaculture Learning Hub pour le soutien \u00e0 la r\u00e9daction ?<\/h3>\t\t\t\t<\/div>\n\t\t\t\t<\/div>\n\t\t\t\t\t<\/div>\n\t\t\t\t<\/div>\n\t\t<div class=\"elementor-element elementor-element-b563069 e-flex e-con-boxed e-con e-parent\" data-id=\"b563069\" data-element_type=\"container\" data-e-type=\"container\">\n\t\t\t\t\t<div class=\"e-con-inner\">\n\t\t\t\t<div class=\"elementor-element elementor-element-9ee641f elementor-widget elementor-widget-spacer\" data-id=\"9ee641f\" data-element_type=\"widget\" data-e-type=\"widget\" data-widget_type=\"spacer.default\">\n\t\t\t\t<div class=\"elementor-widget-container\">\n\t\t\t\t\t\t\t<div class=\"elementor-spacer\">\n\t\t\t<div class=\"elementor-spacer-inner\"><\/div>\n\t\t<\/div>\n\t\t\t\t\t\t<\/div>\n\t\t\t\t<\/div>\n\t\t\t\t\t<\/div>\n\t\t\t\t<\/div>\n\t\t<div class=\"elementor-element elementor-element-b70e161 e-flex e-con-boxed e-con e-parent\" data-id=\"b70e161\" data-element_type=\"container\" data-e-type=\"container\">\n\t\t\t\t\t<div class=\"e-con-inner\">\n\t\t<div class=\"elementor-element elementor-element-1580371 e-con-full e-flex e-con e-child\" data-id=\"1580371\" data-element_type=\"container\" data-e-type=\"container\">\n\t\t\t\t<div class=\"elementor-element elementor-element-0ead170 elementor-widget elementor-widget-heading\" data-id=\"0ead170\" data-element_type=\"widget\" data-e-type=\"widget\" data-widget_type=\"heading.default\">\n\t\t\t\t<div class=\"elementor-widget-container\">\n\t\t\t\t\t<h3 class=\"elementor-heading-title elementor-size-default\">Opter pour notre service de r\u00e9daction acad\u00e9mique, c\u2019est choisir l\u2019excellence pour votre rapport de stage et de fin d\u2019\u00e9tude. <\/h3>\t\t\t\t<\/div>\n\t\t\t\t<\/div>\n\t\t\t\t<div class=\"elementor-element elementor-element-84eb234 elementor-widget elementor-widget-text-editor\" data-id=\"84eb234\" data-element_type=\"widget\" data-e-type=\"widget\" data-widget_type=\"text-editor.default\">\n\t\t\t\t<div class=\"elementor-widget-container\">\n\t\t\t\t\t\t\t\t\t<p>Nos experts en r\u00e9daction de rapport de stage sont hautement qualifi\u00e9s et exp\u00e9riment\u00e9s tous issus du domaine de l\u2019aquaculture avec une solide exp\u00e9rience acad\u00e9mique, professionnelle et chercheurs dans ce secteur, ce qui nous permet de fournir un rapport de stage sur mesure adapt\u00e9 \u00e0 vos besoins sp\u00e9cifiques en offrant une assistance acad\u00e9mique compl\u00e8te, en passant par des conseils pratiques pour am\u00e9liorer la structure et le contenu de votre r\u00e9daction.<\/p><p>Votre rapport de fin d&rsquo;\u00e9tudes ne repr\u00e9sente pas uniquement un document acad\u00e9mique, il symbolise \u00e9galement <strong>votre cursus universitaire, vos aptitudes et vos perspectives professionnelles futures<\/strong>. Il m\u00e9rite donc d&rsquo;\u00eatre manipul\u00e9 avec le plus grand soin.<\/p><p>\u00a0<\/p>\t\t\t\t\t\t\t\t<\/div>\n\t\t\t\t<\/div>\n\t\t\t\t<\/div>\n\t\t<div class=\"elementor-element elementor-element-9749d4d e-con-full e-flex e-con e-child\" data-id=\"9749d4d\" data-element_type=\"container\" data-e-type=\"container\">\n\t\t\t\t<div class=\"elementor-element elementor-element-a746c07 elementor-widget elementor-widget-image\" data-id=\"a746c07\" data-element_type=\"widget\" data-e-type=\"widget\" data-widget_type=\"image.default\">\n\t\t\t\t<div class=\"elementor-widget-container\">\n\t\t\t\t\t\t\t\t\t\t\t\t\t\t\t<img fetchpriority=\"high\" decoding=\"async\" width=\"1024\" height=\"985\" src=\"https:\/\/aquaculturelearninghub.com\/wp-content\/uploads\/2026\/03\/a-Photo-soutien-redaction-Off-4-1024x985.jpg\" class=\"attachment-large size-large wp-image-2575\" alt=\"\" srcset=\"https:\/\/aquaculturelearninghub.com\/wp-content\/uploads\/2026\/03\/a-Photo-soutien-redaction-Off-4-1024x985.jpg 1024w, https:\/\/aquaculturelearninghub.com\/wp-content\/uploads\/2026\/03\/a-Photo-soutien-redaction-Off-4-300x289.jpg 300w, https:\/\/aquaculturelearninghub.com\/wp-content\/uploads\/2026\/03\/a-Photo-soutien-redaction-Off-4-768x739.jpg 768w, https:\/\/aquaculturelearninghub.com\/wp-content\/uploads\/2026\/03\/a-Photo-soutien-redaction-Off-4-12x12.jpg 12w, https:\/\/aquaculturelearninghub.com\/wp-content\/uploads\/2026\/03\/a-Photo-soutien-redaction-Off-4.jpg 1048w\" sizes=\"(max-width: 1024px) 100vw, 1024px\" \/>\t\t\t\t\t\t\t\t\t\t\t\t\t\t\t<\/div>\n\t\t\t\t<\/div>\n\t\t\t\t<\/div>\n\t\t\t\t\t<\/div>\n\t\t\t\t<\/div>\n\t\t<div class=\"elementor-element elementor-element-4bab362 e-flex e-con-boxed e-con e-parent\" data-id=\"4bab362\" data-element_type=\"container\" data-e-type=\"container\">\n\t\t\t\t\t<div class=\"e-con-inner\">\n\t\t\t\t<div class=\"elementor-element elementor-element-e6ff379 elementor-widget elementor-widget-text-editor\" data-id=\"e6ff379\" data-element_type=\"widget\" data-e-type=\"widget\" data-widget_type=\"text-editor.default\">\n\t\t\t\t<div class=\"elementor-widget-container\">\n\t\t\t\t\t\t\t\t\t<p>Nos sp\u00e9cialistes en r\u00e9daction acad\u00e9mique sont non seulement tr\u00e8s comp\u00e9tents sur le plan des m\u00e9thodes, mais ils d\u00e9tiennent aussi une expertise d\u00e9taill\u00e9e et pratique dans le domaine de l&rsquo;aquaculture. Ce m\u00e9lange de comp\u00e9tences acad\u00e9miques et techniques est ce qui diff\u00e9rencie fondamentalement notre service des autres propositions.<\/p>\t\t\t\t\t\t\t\t<\/div>\n\t\t\t\t<\/div>\n\t\t\t\t\t<\/div>\n\t\t\t\t<\/div>\n\t\t<div class=\"elementor-element elementor-element-389179f e-flex e-con-boxed e-con e-parent\" data-id=\"389179f\" data-element_type=\"container\" data-e-type=\"container\">\n\t\t\t\t\t<div class=\"e-con-inner\">\n\t\t<div class=\"elementor-element elementor-element-0dba219 e-con-full e-flex e-con e-child\" data-id=\"0dba219\" data-element_type=\"container\" data-e-type=\"container\">\n\t\t\t\t<div class=\"elementor-element elementor-element-ba16210 elementor-widget elementor-widget-heading\" data-id=\"ba16210\" data-element_type=\"widget\" data-e-type=\"widget\" data-widget_type=\"heading.default\">\n\t\t\t\t<div class=\"elementor-widget-container\">\n\t\t\t\t\t<h3 class=\"elementor-heading-title elementor-size-default\">Et si votre rapport de fin d'\u00e9tudes ou de stage devenait votre meilleur atout acad\u00e9mique ?<\/h3>\t\t\t\t<\/div>\n\t\t\t\t<\/div>\n\t\t\t\t<div class=\"elementor-element elementor-element-cf511cb elementor-widget elementor-widget-text-editor\" data-id=\"cf511cb\" data-element_type=\"widget\" data-e-type=\"widget\" data-widget_type=\"text-editor.default\">\n\t\t\t\t<div class=\"elementor-widget-container\">\n\t\t\t\t\t\t\t\t\t<p>Pour beaucoup d&rsquo;\u00e9tudiants en aquaculture, la r\u00e9daction d&rsquo;un rapport de stage ou de fin d&rsquo;\u00e9tudes repr\u00e9sente un v\u00e9ritable d\u00e9fi. Entre les exigences m\u00e9thodologiques, la pression des d\u00e9lais et la complexit\u00e9 des donn\u00e9es techniques, il est facile de se sentir d\u00e9pass\u00e9. Chez <strong>Aquaculture Learning Hub<\/strong>, nous transformons une t\u00e2che complexe en une exp\u00e9rience simple et r\u00e9ussie.<\/p><p>Notre service de r\u00e9daction acad\u00e9mique sp\u00e9cialis\u00e9 en aquaculture est n\u00e9 d&rsquo;un constat simple : <strong>les \u00e9tudiants ont le savoir-faire du terrain, mais manquent parfois des outils pour le mettre en valeur sur papier.<\/strong> Nous sommes ce pont entre votre exp\u00e9rience et votre r\u00e9ussite acad\u00e9mique.<\/p><p>Notre service de r\u00e9daction acad\u00e9mique n&rsquo;est pas g\u00e9n\u00e9raliste, il est <strong>enti\u00e8rement d\u00e9di\u00e9 au domaine de l&rsquo;aquaculture<\/strong>. Cela fait toute la diff\u00e9rence.<\/p>\t\t\t\t\t\t\t\t<\/div>\n\t\t\t\t<\/div>\n\t\t\t\t<\/div>\n\t\t<div class=\"elementor-element elementor-element-4c2a4d5 e-con-full e-flex e-con e-child\" data-id=\"4c2a4d5\" data-element_type=\"container\" data-e-type=\"container\">\n\t\t\t\t<div class=\"elementor-element elementor-element-f29d0b6 elementor-widget elementor-widget-image\" data-id=\"f29d0b6\" data-element_type=\"widget\" data-e-type=\"widget\" data-widget_type=\"image.default\">\n\t\t\t\t<div class=\"elementor-widget-container\">\n\t\t\t\t\t\t\t\t\t\t\t\t\t\t\t<img decoding=\"async\" width=\"1024\" height=\"1024\" src=\"https:\/\/aquaculturelearninghub.com\/wp-content\/uploads\/2026\/03\/Photo-soutien-redaction-333.png\" class=\"attachment-large size-large wp-image-2597\" alt=\"\" srcset=\"https:\/\/aquaculturelearninghub.com\/wp-content\/uploads\/2026\/03\/Photo-soutien-redaction-333.png 1024w, https:\/\/aquaculturelearninghub.com\/wp-content\/uploads\/2026\/03\/Photo-soutien-redaction-333-300x300.png 300w, https:\/\/aquaculturelearninghub.com\/wp-content\/uploads\/2026\/03\/Photo-soutien-redaction-333-150x150.png 150w, https:\/\/aquaculturelearninghub.com\/wp-content\/uploads\/2026\/03\/Photo-soutien-redaction-333-768x768.png 768w, https:\/\/aquaculturelearninghub.com\/wp-content\/uploads\/2026\/03\/Photo-soutien-redaction-333-12x12.png 12w\" sizes=\"(max-width: 1024px) 100vw, 1024px\" \/>\t\t\t\t\t\t\t\t\t\t\t\t\t\t\t<\/div>\n\t\t\t\t<\/div>\n\t\t\t\t<\/div>\n\t\t\t\t\t<\/div>\n\t\t\t\t<\/div>\n\t\t<div class=\"elementor-element elementor-element-b08ffaa e-flex e-con-boxed e-con e-parent\" data-id=\"b08ffaa\" data-element_type=\"container\" data-e-type=\"container\">\n\t\t\t\t\t<div class=\"e-con-inner\">\n\t\t<div class=\"elementor-element elementor-element-6e5f46b e-con-full e-flex e-con e-child\" data-id=\"6e5f46b\" data-element_type=\"container\" data-e-type=\"container\">\n\t\t\t\t<div class=\"elementor-element elementor-element-5d68893 elementor-widget elementor-widget-text-editor\" data-id=\"5d68893\" data-element_type=\"widget\" data-e-type=\"widget\" data-widget_type=\"text-editor.default\">\n\t\t\t\t<div class=\"elementor-widget-container\">\n\t\t\t\t\t\t\t\t\t<p>Voici ce qui nous distingue:<\/p><p><strong>\u2705<\/strong><strong>\u00a0 <\/strong>Experts sp\u00e9cialis\u00e9s en aquaculture R\u00e9dacteurs hautement qualifi\u00e9s, ma\u00eetrisant les exigences acad\u00e9miques locales et internationales.<\/p><p>\u2705\u00a0 Rapport 100% sur mesure Chaque rapport ou projet de fin d\u2019\u00e9tude est personnalis\u00e9 selon vos objectifs.<\/p><p>\u2705\u00a0 Qualit\u00e9 irr\u00e9prochable avec r\u00e9visions multiples garantissant exactitude, pertinence et conformit\u00e9 aux normes acad\u00e9miques.<\/p><p>\u2705\u00a0 Accompagnement complet de la recherche bibliographique \u00e0 la r\u00e9vision finale : structuration, contenu, conseils de pr\u00e9sentation.<\/p><p>\u2705\u00a0 Gain de temps garanti \u00a0pour vous concentrer plus\u00a0 \u00a0sur votre examen final, pendant que nos experts s&rsquo;occupent de la r\u00e9daction.<\/p><p>\u2705\u00a0 Tarifs comp\u00e9titifs Plusieurs forfaits adapt\u00e9s \u00e0 tous les budgets. La qualit\u00e9 \u00e0 prix juste.<\/p>\t\t\t\t\t\t\t\t<\/div>\n\t\t\t\t<\/div>\n\t\t\t\t<\/div>\n\t\t<div class=\"elementor-element elementor-element-c62b545 e-con-full e-flex e-con e-child\" data-id=\"c62b545\" data-element_type=\"container\" data-e-type=\"container\">\n\t\t\t\t<div class=\"elementor-element elementor-element-7841b81 elementor-widget elementor-widget-image\" data-id=\"7841b81\" data-element_type=\"widget\" data-e-type=\"widget\" data-widget_type=\"image.default\">\n\t\t\t\t<div class=\"elementor-widget-container\">\n\t\t\t\t\t\t\t\t\t\t\t\t\t\t\t<img decoding=\"async\" width=\"1024\" height=\"1024\" src=\"https:\/\/aquaculturelearninghub.com\/wp-content\/uploads\/2026\/03\/a-Photo-de-redaction-et-soutien-222.png\" class=\"attachment-large size-large wp-image-2596\" alt=\"\" srcset=\"https:\/\/aquaculturelearninghub.com\/wp-content\/uploads\/2026\/03\/a-Photo-de-redaction-et-soutien-222.png 1024w, https:\/\/aquaculturelearninghub.com\/wp-content\/uploads\/2026\/03\/a-Photo-de-redaction-et-soutien-222-300x300.png 300w, https:\/\/aquaculturelearninghub.com\/wp-content\/uploads\/2026\/03\/a-Photo-de-redaction-et-soutien-222-150x150.png 150w, https:\/\/aquaculturelearninghub.com\/wp-content\/uploads\/2026\/03\/a-Photo-de-redaction-et-soutien-222-768x768.png 768w, https:\/\/aquaculturelearninghub.com\/wp-content\/uploads\/2026\/03\/a-Photo-de-redaction-et-soutien-222-12x12.png 12w\" sizes=\"(max-width: 1024px) 100vw, 1024px\" \/>\t\t\t\t\t\t\t\t\t\t\t\t\t\t\t<\/div>\n\t\t\t\t<\/div>\n\t\t\t\t<\/div>\n\t\t\t\t\t<\/div>\n\t\t\t\t<\/div>\n\t\t<div class=\"elementor-element elementor-element-95b3fcd e-flex e-con-boxed e-con e-parent\" data-id=\"95b3fcd\" data-element_type=\"container\" data-e-type=\"container\">\n\t\t\t\t\t<div class=\"e-con-inner\">\n\t\t\t\t<div class=\"elementor-element elementor-element-d882331 elementor-widget elementor-widget-heading\" data-id=\"d882331\" data-element_type=\"widget\" data-e-type=\"widget\" data-widget_type=\"heading.default\">\n\t\t\t\t<div class=\"elementor-widget-container\">\n\t\t\t\t\t<h2 class=\"elementor-heading-title elementor-size-default\">Ce service est fait pour vous si vous \u00eates\u2026<\/h2>\t\t\t\t<\/div>\n\t\t\t\t<\/div>\n\t\t\t\t\t<\/div>\n\t\t\t\t<\/div>\n\t\t<div class=\"elementor-element elementor-element-fe03dab e-flex e-con-boxed e-con e-parent\" data-id=\"fe03dab\" data-element_type=\"container\" data-e-type=\"container\">\n\t\t\t\t\t<div class=\"e-con-inner\">\n\t\t\t\t<div class=\"elementor-element elementor-element-0fdf874 elementor-widget elementor-widget-text-editor\" data-id=\"0fdf874\" data-element_type=\"widget\" data-e-type=\"widget\" data-widget_type=\"text-editor.default\">\n\t\t\t\t<div class=\"elementor-widget-container\">\n\t\t\t\t\t\t\t\t\t<p><strong>Le service de r\u00e9daction de rapport de stage \u00a0et de fin d\u2019\u00e9tude d\u2019 <\/strong><strong>Aquaculture Learning Hub<\/strong> s\u2019adresse \u00e0 un large \u00e9ventail de personnes cherchant \u00e0 exceller dans leur parcours acad\u00e9mique et professionnel pour les \u00e9tudiants internationaux.<\/p><ul><li>\u00c9tudiant en licence, master ou ing\u00e9nierie en aquaculture<\/li><li>\u00c9tudiant national ou international<\/li><li>En recherche d&rsquo;aide pour votre rapport de stage ou de fin d&rsquo;\u00e9tudes<\/li><li>R\u00e9daction en anglais et fran\u00e7ais.<\/li><\/ul><p>En r\u00e9sum\u00e9, si l\u2019objectif est d\u2019obtenir un rapport de stage ou de fin d\u2019\u00e9tude de haute qualit\u00e9 qui r\u00e9pond \u00e0 des crit\u00e8res acad\u00e9miques rigoureux, <strong>Aquaculture Learning Hub<\/strong> est la plateforme qu\u2019il vous faut.<\/p><p>\u00a0<\/p><p><strong>Faites confiance \u00e0 Aquaculture Learning Hub<\/strong>, votre succ\u00e8s acad\u00e9mique, notre priorit\u00e9.<\/p>\t\t\t\t\t\t\t\t<\/div>\n\t\t\t\t<\/div>\n\t\t\t\t\t<\/div>\n\t\t\t\t<\/div>\n\t\t\t\t<\/div>","protected":false},"excerpt":{"rendered":"<p>SOUTIEN \u00c0 LA R\u00c9DACTION Pourquoi choisir Aquaculture Learning Hub pour le soutien \u00e0 la r\u00e9daction ? Opter pour notre service de r\u00e9daction acad\u00e9mique, c\u2019est choisir l\u2019excellence pour votre rapport de stage et de fin d\u2019\u00e9tude. Nos experts en r\u00e9daction de rapport de stage sont hautement qualifi\u00e9s et exp\u00e9riment\u00e9s tous issus du domaine de l\u2019aquaculture avec [&hellip;]<\/p>\n","protected":false},"author":2,"featured_media":0,"parent":0,"menu_order":0,"comment_status":"closed","ping_status":"closed","template":"","meta":{"pagelayer_contact_templates":[],"_pagelayer_content":"","site-sidebar-layout":"no-sidebar","site-content-layout":"page-builder","ast-site-content-layout":"full-width-container","site-content-style":"unboxed","site-sidebar-style":"unboxed","ast-global-header-display":"","ast-banner-title-visibility":"","ast-main-header-display":"","ast-hfb-above-header-display":"","ast-hfb-below-header-display":"","ast-hfb-mobile-header-display":"","site-post-title":"disabled","ast-breadcrumbs-content":"","ast-featured-img":"disabled","footer-sml-layout":"","ast-disable-related-posts":"","theme-transparent-header-meta":"enabled","adv-header-id-meta":"","stick-header-meta":"","header-above-stick-meta":"","header-main-stick-meta":"","header-below-stick-meta":"","astra-migrate-meta-layouts":"set","ast-page-background-enabled":"default","ast-page-background-meta":{"desktop":{"background-color":"var(--ast-global-color-4)","background-image":"","background-repeat":"repeat","background-position":"center center","background-size":"auto","background-attachment":"scroll","background-type":"","background-media":"","overlay-type":"","overlay-color":"","overlay-opacity":"","overlay-gradient":""},"tablet":{"background-color":"","background-image":"","background-repeat":"repeat","background-position":"center center","background-size":"auto","background-attachment":"scroll","background-type":"","background-media":"","overlay-type":"","overlay-color":"","overlay-opacity":"","overlay-gradient":""},"mobile":{"background-color":"","background-image":"","background-repeat":"repeat","background-position":"center center","background-size":"auto","background-attachment":"scroll","background-type":"","background-media":"","overlay-type":"","overlay-color":"","overlay-opacity":"","overlay-gradient":""}},"ast-content-background-meta":{"desktop":{"background-color":"var(--ast-global-color-5)","background-image":"","background-repeat":"repeat","background-position":"center center","background-size":"auto","background-attachment":"scroll","background-type":"","background-media":"","overlay-type":"","overlay-color":"","overlay-opacity":"","overlay-gradient":""},"tablet":{"background-color":"var(--ast-global-color-5)","background-image":"","background-repeat":"repeat","background-position":"center center","background-size":"auto","background-attachment":"scroll","background-type":"","background-media":"","overlay-type":"","overlay-color":"","overlay-opacity":"","overlay-gradient":""},"mobile":{"background-color":"var(--ast-global-color-5)","background-image":"","background-repeat":"repeat","background-position":"center center","background-size":"auto","background-attachment":"scroll","background-type":"","background-media":"","overlay-type":"","overlay-color":"","overlay-opacity":"","overlay-gradient":""}},"footnotes":""},"class_list":["post-2570","page","type-page","status-publish","hentry"],"_links":{"self":[{"href":"https:\/\/aquaculturelearninghub.com\/en\/wp-json\/wp\/v2\/pages\/2570","targetHints":{"allow":["GET"]}}],"collection":[{"href":"https:\/\/aquaculturelearninghub.com\/en\/wp-json\/wp\/v2\/pages"}],"about":[{"href":"https:\/\/aquaculturelearninghub.com\/en\/wp-json\/wp\/v2\/types\/page"}],"author":[{"embeddable":true,"href":"https:\/\/aquaculturelearninghub.com\/en\/wp-json\/wp\/v2\/users\/2"}],"replies":[{"embeddable":true,"href":"https:\/\/aquaculturelearninghub.com\/en\/wp-json\/wp\/v2\/comments?post=2570"}],"version-history":[{"count":25,"href":"https:\/\/aquaculturelearninghub.com\/en\/wp-json\/wp\/v2\/pages\/2570\/revisions"}],"predecessor-version":[{"id":2612,"href":"https:\/\/aquaculturelearninghub.com\/en\/wp-json\/wp\/v2\/pages\/2570\/revisions\/2612"}],"wp:attachment":[{"href":"https:\/\/aquaculturelearninghub.com\/en\/wp-json\/wp\/v2\/media?parent=2570"}],"curies":[{"name":"wp","href":"https:\/\/api.w.org\/{rel}","templated":true}]}}