{"id":2616,"date":"2026-03-26T08:20:03","date_gmt":"2026-03-26T08:20:03","guid":{"rendered":"https:\/\/aquaculturelearninghub.com\/?page_id=2616"},"modified":"2026-03-26T08:33:03","modified_gmt":"2026-03-26T08:33:03","slug":"sante-des-poissons","status":"publish","type":"page","link":"https:\/\/aquaculturelearninghub.com\/en\/sante-des-poissons\/","title":{"rendered":"Sant\u00e9 de poissons"},"content":{"rendered":"<div data-elementor-type=\"wp-page\" data-elementor-id=\"2616\" class=\"elementor elementor-2616\">\n\t\t\t\t<div class=\"elementor-element elementor-element-d8da964 e-flex e-con-boxed e-con e-parent\" data-id=\"d8da964\" data-element_type=\"container\" data-e-type=\"container\">\n\t\t\t\t\t<div class=\"e-con-inner\">\n\t\t\t\t<div class=\"elementor-element elementor-element-77ec8b6 elementor-widget elementor-widget-spacer\" data-id=\"77ec8b6\" data-element_type=\"widget\" data-e-type=\"widget\" data-widget_type=\"spacer.default\">\n\t\t\t\t<div class=\"elementor-widget-container\">\n\t\t\t\t\t\t\t<div class=\"elementor-spacer\">\n\t\t\t<div class=\"elementor-spacer-inner\"><\/div>\n\t\t<\/div>\n\t\t\t\t\t\t<\/div>\n\t\t\t\t<\/div>\n\t\t\t\t\t<\/div>\n\t\t\t\t<\/div>\n\t\t<div class=\"elementor-element elementor-element-1021234 e-flex e-con-boxed e-con e-parent\" data-id=\"1021234\" data-element_type=\"container\" data-e-type=\"container\">\n\t\t\t\t\t<div class=\"e-con-inner\">\n\t\t\t\t<div class=\"elementor-element elementor-element-1f5f0f2 elementor-widget elementor-widget-heading\" data-id=\"1f5f0f2\" data-element_type=\"widget\" data-e-type=\"widget\" data-widget_type=\"heading.default\">\n\t\t\t\t<div class=\"elementor-widget-container\">\n\t\t\t\t\t<h2 class=\"elementor-heading-title elementor-size-default\">Sant\u00e9 des Poissons<\/h2>\t\t\t\t<\/div>\n\t\t\t\t<\/div>\n\t\t\t\t\t<\/div>\n\t\t\t\t<\/div>\n\t\t<div class=\"elementor-element elementor-element-339b01b e-flex e-con-boxed e-con e-parent\" data-id=\"339b01b\" data-element_type=\"container\" data-e-type=\"container\">\n\t\t\t\t\t<div class=\"e-con-inner\">\n\t\t\t\t<div class=\"elementor-element elementor-element-5149c07 elementor-widget elementor-widget-heading\" data-id=\"5149c07\" data-element_type=\"widget\" data-e-type=\"widget\" data-widget_type=\"heading.default\">\n\t\t\t\t<div class=\"elementor-widget-container\">\n\t\t\t\t\t<h3 class=\"elementor-heading-title elementor-size-default\">Aquaculture Learning Hub : Votre Partenaire de Confiance pour la Sant\u00e9 de vos Poissons.<\/h3>\t\t\t\t<\/div>\n\t\t\t\t<\/div>\n\t\t\t\t\t<\/div>\n\t\t\t\t<\/div>\n\t\t<div class=\"elementor-element elementor-element-b563069 e-flex e-con-boxed e-con e-parent\" data-id=\"b563069\" data-element_type=\"container\" data-e-type=\"container\">\n\t\t\t\t\t<div class=\"e-con-inner\">\n\t\t\t\t<div class=\"elementor-element elementor-element-9ee641f elementor-widget elementor-widget-spacer\" data-id=\"9ee641f\" data-element_type=\"widget\" data-e-type=\"widget\" data-widget_type=\"spacer.default\">\n\t\t\t\t<div class=\"elementor-widget-container\">\n\t\t\t\t\t\t\t<div class=\"elementor-spacer\">\n\t\t\t<div class=\"elementor-spacer-inner\"><\/div>\n\t\t<\/div>\n\t\t\t\t\t\t<\/div>\n\t\t\t\t<\/div>\n\t\t\t\t\t<\/div>\n\t\t\t\t<\/div>\n\t\t<div class=\"elementor-element elementor-element-eea236a e-flex e-con-boxed e-con e-parent\" data-id=\"eea236a\" data-element_type=\"container\" data-e-type=\"container\">\n\t\t\t\t\t<div class=\"e-con-inner\">\n\t\t\t\t<div class=\"elementor-element elementor-element-f2d354e elementor-widget elementor-widget-image\" data-id=\"f2d354e\" data-element_type=\"widget\" data-e-type=\"widget\" data-widget_type=\"image.default\">\n\t\t\t\t<div class=\"elementor-widget-container\">\n\t\t\t\t\t\t\t\t\t\t\t\t\t\t\t<img fetchpriority=\"high\" decoding=\"async\" width=\"1024\" height=\"559\" src=\"https:\/\/aquaculturelearninghub.com\/wp-content\/uploads\/2026\/03\/a-Photo-service-sante-Rectangle-1024x559.png\" class=\"attachment-large size-large wp-image-2621\" alt=\"\" srcset=\"https:\/\/aquaculturelearninghub.com\/wp-content\/uploads\/2026\/03\/a-Photo-service-sante-Rectangle-1024x559.png 1024w, https:\/\/aquaculturelearninghub.com\/wp-content\/uploads\/2026\/03\/a-Photo-service-sante-Rectangle-300x164.png 300w, https:\/\/aquaculturelearninghub.com\/wp-content\/uploads\/2026\/03\/a-Photo-service-sante-Rectangle-768x419.png 768w, https:\/\/aquaculturelearninghub.com\/wp-content\/uploads\/2026\/03\/a-Photo-service-sante-Rectangle-18x10.png 18w, https:\/\/aquaculturelearninghub.com\/wp-content\/uploads\/2026\/03\/a-Photo-service-sante-Rectangle.png 1408w\" sizes=\"(max-width: 1024px) 100vw, 1024px\" \/>\t\t\t\t\t\t\t\t\t\t\t\t\t\t\t<\/div>\n\t\t\t\t<\/div>\n\t\t\t\t\t<\/div>\n\t\t\t\t<\/div>\n\t\t<div class=\"elementor-element elementor-element-4bab362 e-flex e-con-boxed e-con e-parent\" data-id=\"4bab362\" data-element_type=\"container\" data-e-type=\"container\">\n\t\t\t\t\t<div class=\"e-con-inner\">\n\t\t\t\t<div class=\"elementor-element elementor-element-e6ff379 elementor-widget elementor-widget-text-editor\" data-id=\"e6ff379\" data-element_type=\"widget\" data-e-type=\"widget\" data-widget_type=\"text-editor.default\">\n\t\t\t\t<div class=\"elementor-widget-container\">\n\t\t\t\t\t\t\t\t\t<p>L&rsquo;aquaculture intensive cr\u00e9e paradoxalement des conditions qui <strong>favorisent l&rsquo;\u00e9mergence et la propagation des maladies<\/strong>, alors m\u00eame qu&rsquo;elle vise \u00e0 produire des poissons en bonne sant\u00e9.<\/p><p>Les poissons d&rsquo;aquaculture sont <strong>plus vuln\u00e9rables<\/strong> aux agents pathog\u00e8nes que leurs cong\u00e9n\u00e8res sauvages, en raison des conditions sp\u00e9cifiques de l&rsquo;\u00e9levage intensif. La vuln\u00e9rabilit\u00e9 des poissons d&rsquo;aquaculture <strong>n&rsquo;est pas une sentence<\/strong>, c&rsquo;est un <strong>signal d&rsquo;alarme<\/strong> qui nous invite \u00e0 mieux concevoir, mieux g\u00e9rer et mieux accompagner nos syst\u00e8mes d&rsquo;\u00e9levage.<\/p><p>Dans ce contexte,<strong> la sant\u00e9 des poissons<\/strong> constitue le pr\u00e9alable n\u00e9cessaire, incontournable m\u00eame, d\u2019une aquaculture productive, de qualit\u00e9, rentable et durable. Au service de cette conviction, <strong>Aquaculture Learning Hub<\/strong> vous fait profiter d\u2019une comp\u00e9tence pointue en <strong>sant\u00e9 et bien-\u00eatre des poissons d\u2019aquaculture <\/strong>qui sont au c\u0153ur de tout \u00e9levage aquacole efficace et durable. Cette vigilance sanitaire, qu\u2019elle soit fr\u00e9quente ou r\u00e9guli\u00e8re, n\u2019est pas une option, \u00a0c\u2019est une exigence incontournable si l\u2019on veut garantir la rentabilit\u00e9, la qualit\u00e9 du produit et la p\u00e9rennit\u00e9 de votre activit\u00e9.<\/p><p>C\u2019est \u00e0 la lumi\u00e8re de cette \u00e9l\u00e9mentaire constatation <strong>qu\u2019Aquaculture Learning Hub<\/strong> a d\u00e9velopp\u00e9 <strong>une offre de<\/strong> <strong>services sp\u00e9cialis\u00e9s, \u00e9toff\u00e9e dans l\u2019objectif d\u2019accompagner le suivi sanitaire des poissons d\u2019aquaculture<\/strong> dans les besoins et les attentes concr\u00e8tes des \u00e9leveurs, des techniciens et des responsables de fermes aquacoles.<\/p><p>La sant\u00e9 des poissons constitue le pr\u00e9alable n\u00e9cessaire, incontournable m\u00eame, d\u2019une aquaculture productive, rentable et durable. Au service de cette conviction, Aquaculture Learning Hub vous fait profiter d\u2019une comp\u00e9tence pointue en sant\u00e9 et bien-\u00eatre des poissons d\u2019aquaculture.<\/p><p>Un poisson en bonne sant\u00e9 est le premier indicateur d&rsquo;une aquaculture bien g\u00e9r\u00e9e.<\/p>\t\t\t\t\t\t\t\t<\/div>\n\t\t\t\t<\/div>\n\t\t\t\t\t<\/div>\n\t\t\t\t<\/div>\n\t\t\t\t<\/div>","protected":false},"excerpt":{"rendered":"<p>Sant\u00e9 des Poissons Aquaculture Learning Hub : Votre Partenaire de Confiance pour la Sant\u00e9 de vos Poissons. L&rsquo;aquaculture intensive cr\u00e9e paradoxalement des conditions qui favorisent l&rsquo;\u00e9mergence et la propagation des maladies, alors m\u00eame qu&rsquo;elle vise \u00e0 produire des poissons en bonne sant\u00e9. Les poissons d&rsquo;aquaculture sont plus vuln\u00e9rables aux agents pathog\u00e8nes que leurs cong\u00e9n\u00e8res sauvages, [&hellip;]<\/p>\n","protected":false},"author":2,"featured_media":0,"parent":0,"menu_order":0,"comment_status":"closed","ping_status":"closed","template":"","meta":{"pagelayer_contact_templates":[],"_pagelayer_content":"","site-sidebar-layout":"no-sidebar","site-content-layout":"page-builder","ast-site-content-layout":"full-width-container","site-content-style":"unboxed","site-sidebar-style":"unboxed","ast-global-header-display":"","ast-banner-title-visibility":"","ast-main-header-display":"","ast-hfb-above-header-display":"","ast-hfb-below-header-display":"","ast-hfb-mobile-header-display":"","site-post-title":"disabled","ast-breadcrumbs-content":"","ast-featured-img":"disabled","footer-sml-layout":"","ast-disable-related-posts":"","theme-transparent-header-meta":"enabled","adv-header-id-meta":"","stick-header-meta":"","header-above-stick-meta":"","header-main-stick-meta":"","header-below-stick-meta":"","astra-migrate-meta-layouts":"set","ast-page-background-enabled":"default","ast-page-background-meta":{"desktop":{"background-color":"var(--ast-global-color-4)","background-image":"","background-repeat":"repeat","background-position":"center center","background-size":"auto","background-attachment":"scroll","background-type":"","background-media":"","overlay-type":"","overlay-color":"","overlay-opacity":"","overlay-gradient":""},"tablet":{"background-color":"","background-image":"","background-repeat":"repeat","background-position":"center center","background-size":"auto","background-attachment":"scroll","background-type":"","background-media":"","overlay-type":"","overlay-color":"","overlay-opacity":"","overlay-gradient":""},"mobile":{"background-color":"","background-image":"","background-repeat":"repeat","background-position":"center center","background-size":"auto","background-attachment":"scroll","background-type":"","background-media":"","overlay-type":"","overlay-color":"","overlay-opacity":"","overlay-gradient":""}},"ast-content-background-meta":{"desktop":{"background-color":"var(--ast-global-color-5)","background-image":"","background-repeat":"repeat","background-position":"center center","background-size":"auto","background-attachment":"scroll","background-type":"","background-media":"","overlay-type":"","overlay-color":"","overlay-opacity":"","overlay-gradient":""},"tablet":{"background-color":"var(--ast-global-color-5)","background-image":"","background-repeat":"repeat","background-position":"center center","background-size":"auto","background-attachment":"scroll","background-type":"","background-media":"","overlay-type":"","overlay-color":"","overlay-opacity":"","overlay-gradient":""},"mobile":{"background-color":"var(--ast-global-color-5)","background-image":"","background-repeat":"repeat","background-position":"center center","background-size":"auto","background-attachment":"scroll","background-type":"","background-media":"","overlay-type":"","overlay-color":"","overlay-opacity":"","overlay-gradient":""}},"footnotes":""},"class_list":["post-2616","page","type-page","status-publish","hentry"],"_links":{"self":[{"href":"https:\/\/aquaculturelearninghub.com\/en\/wp-json\/wp\/v2\/pages\/2616","targetHints":{"allow":["GET"]}}],"collection":[{"href":"https:\/\/aquaculturelearninghub.com\/en\/wp-json\/wp\/v2\/pages"}],"about":[{"href":"https:\/\/aquaculturelearninghub.com\/en\/wp-json\/wp\/v2\/types\/page"}],"author":[{"embeddable":true,"href":"https:\/\/aquaculturelearninghub.com\/en\/wp-json\/wp\/v2\/users\/2"}],"replies":[{"embeddable":true,"href":"https:\/\/aquaculturelearninghub.com\/en\/wp-json\/wp\/v2\/comments?post=2616"}],"version-history":[{"count":7,"href":"https:\/\/aquaculturelearninghub.com\/en\/wp-json\/wp\/v2\/pages\/2616\/revisions"}],"predecessor-version":[{"id":2624,"href":"https:\/\/aquaculturelearninghub.com\/en\/wp-json\/wp\/v2\/pages\/2616\/revisions\/2624"}],"wp:attachment":[{"href":"https:\/\/aquaculturelearninghub.com\/en\/wp-json\/wp\/v2\/media?parent=2616"}],"curies":[{"name":"wp","href":"https:\/\/api.w.org\/{rel}","templated":true}]}}